{"id":42476,"date":"2021-03-21T19:19:10","date_gmt":"2021-03-21T18:19:10","guid":{"rendered":"https:\/\/www.anticaerboristeriasansimone.it\/?post_type=product&#038;p=42476"},"modified":"2021-04-23T22:20:20","modified_gmt":"2021-04-23T20:20:20","slug":"olio-di-mandorle-dolci","status":"publish","type":"product","link":"https:\/\/www.anticaerboristeriasansimone.it\/en\/catalogo\/olio-di-mandorle-dolci\/","title":{"rendered":"Olio di Mandorle Dolci"},"content":{"rendered":"","protected":false},"excerpt":{"rendered":"<p>Puro al 100%<\/p>\n<p align=\"justify\">L&#8217;Olio di Mandorle Dolci, per le sue spiccate propriet\u00e0 emollienti, idratanti, elasticizzanti e per l&#8217;assenza di fenomeni irritativi e sensibilizzanti, risulta particolarmente indicato per il trattamento delle pelli secche, sensibili e desquamate anche dei bambini. Ottimo per neonati in caso di crosticine lattee.<br \/>\nNaturale al 100%, viene estratto senza solventi tramite torchiatura a freddo.<br \/>\n&nbsp;<br \/>\n<b>Ingredienti<\/b>: <i>Prunus amygdalus dulcis oil.<\/i><br \/>\n&nbsp;<br \/>\n<b>Indicazioni<\/b>: grazie al rapido assorbimento pu\u00f2 essere utilizzato su ogni tipo di pelle come idratante, combattendo allo stesso tempo gli inestetismi della cute senza ungere, grazie al suo elevato potere penetrante.<br \/>\n&nbsp;<br \/>\n<b>Modo d\u2019impiego<\/b>: l\u2019olio pu\u00f2 essere applicato 2 o pi\u00f9 volte al giorno a seconda delle necessit\u00e0. \u00c8 raccomandato in tutti i casi in cui la pelle sia secca e disidratata e va applicato con leggero massaggio su pelle pulita.<br \/>\n&nbsp;<br \/>\n<b>Principali sostanze funzionali presenti<\/b>:<br \/>\n&nbsp;<br \/>\n<b>Olio di Mandorle Dolci<\/b><br \/>\nL\u2019olio pi\u00f9 tradizionalmente conosciuto e utilizzato in cosmesi per le sue propriet\u00e0 emollienti, addolcenti, nutrienti e lenitive per l\u2019epidermide degli adulti, ma anche per quelle delicate dei bambini e dei neonati. Per essere di buona qualit\u00e0 deve essere ottenuto per pressione a freddo della mandorla dolce, senza uso di solventi chimici e deve essere estratto e utilizzato cos\u00ec come si ottiene cio\u00e8 puro. I semi ne contengono una quantit\u00e0 variabile dal 40 al 50%. L\u2019azione emolliente dell\u2019Olio di Mandorle Dolci (<i>Prunus dulcis<\/i>) \u00e8 in grado di attenuare il prurito in caso di morbillo, varicella ed eczema. Efficacissima poi \u00e8 la sua propriet\u00e0 antismagliature: fin dal 3\u00b0 mese di gravidanza si consiglia la sua applicazione sull\u2019addome, sul seno, su fianchi e cosce; inoltre, quando si segue un regime dimagrante, va applicato anche sull\u2019interno delle braccia per prevenire efficacemente la comparsa delle antiestetiche smagliature che, una volta formate, difficilmente si possono eliminare. Quando la smagliatura \u00e8 gi\u00e0 comparsa infatti \u00e8 dimostrato che, purtroppo, non c\u2019\u00e8 pi\u00f9 niente da fare, trattandosi di una vera e propria lacerazione del derma. Quando le smagliature sono ancora recenti, di colore rosa o rossastro, si pu\u00f2 tentare di attenuarle con applicazioni ripetute e costanti di Olio di Mandorle Dolci. Esso \u00e8 un ottimo emolliente per tutto il corpo dopo il bagno o la doccia. La sua poliedricit\u00e0 di utilizzo lo vede protagonista anche nel trattamento dei capelli molto secchi, crespi, sfibrati dal sole e dalla salsedine: un impacco di 20-30 minuti sui capelli sciacquati con acqua dolce, prima dello shampoo, restituir\u00e0 morbidezza alla chioma. Si pu\u00f2 usare anche in spiaggia al posto del gel, per avere il cosiddetto \u201ceffetto bagnato\u201d: in questo modo si proteggono i capelli dall\u2019azione inaridente del sole e della salsedine. L\u2019Olio di Mandorle dolci pu\u00f2 essere anche miscelato con alcune gocce di olii essenziali, per ottenere un olio da massaggio personalizzato molto gradevole e nutriente per la pelle del corpo e in questo modo acquista anche le propriet\u00e0 trattanti dell\u2019olio essenziale che si utilizza (ad esempio per dolori articolari, per massaggi ai muscoli degli sportivi, ecc.).<br \/>\n&nbsp;<br \/>\n<b>Confezione<\/b>: Flacone in plastica con tappo dorato<\/p>\n","protected":false},"featured_media":42515,"comment_status":"closed","ping_status":"closed","template":"","meta":[],"product_brand":[],"product_cat":[10,13,104],"product_tag":[],"class_list":{"0":"post-42476","1":"product","2":"type-product","3":"status-publish","4":"has-post-thumbnail","6":"product_cat-cosmetica","7":"product_cat-linea-bio","8":"product_cat-linea-trattamenti-intensivi","10":"first","11":"outofstock","12":"downloadable","13":"shipping-taxable","14":"purchasable","15":"product-type-simple"},"yoast_head":"<!-- This site is optimized with the Yoast SEO plugin v27.1.1 - https:\/\/yoast.com\/product\/yoast-seo-wordpress\/ -->\n<title>Olio di Mandorle Dolci - Antica Erboristeria San Simone Firenze - Profumi personalizzati, Cosmetica Naturale, Erbe Naturali Biologiche<\/title>\n<meta name=\"robots\" content=\"index, follow, max-snippet:-1, max-image-preview:large, max-video-preview:-1\" \/>\n<link rel=\"canonical\" href=\"https:\/\/www.anticaerboristeriasansimone.it\/catalogo\/olio-di-mandorle-dolci\/\" \/>\n<meta property=\"og:locale\" content=\"en_US\" \/>\n<meta property=\"og:type\" content=\"article\" \/>\n<meta property=\"og:title\" content=\"Olio di Mandorle Dolci - Antica Erboristeria San Simone Firenze - Profumi personalizzati, Cosmetica Naturale, Erbe Naturali Biologiche\" \/>\n<meta property=\"og:description\" content=\"Puro al 100% L&#039;Olio di Mandorle Dolci, per le sue spiccate propriet\u00e0 emollienti, idratanti, elasticizzanti e per l&#039;assenza di fenomeni irritativi e sensibilizzanti, risulta particolarmente indicato per il trattamento delle pelli secche, sensibili e desquamate anche dei bambini. Ottimo per neonati in caso di crosticine lattee. Naturale al 100%, viene estratto senza solventi tramite torchiatura a freddo. &nbsp; Ingredienti: Prunus amygdalus dulcis oil. &nbsp; Indicazioni: grazie al rapido assorbimento pu\u00f2 essere utilizzato su ogni tipo di pelle come idratante, combattendo allo stesso tempo gli inestetismi della cute senza ungere, grazie al suo elevato potere penetrante. &nbsp; Modo d\u2019impiego: l\u2019olio pu\u00f2 essere applicato 2 o pi\u00f9 volte al giorno a seconda delle necessit\u00e0. \u00c8 raccomandato in tutti i casi in cui la pelle sia secca e disidratata e va applicato con leggero massaggio su pelle pulita. &nbsp; Principali sostanze funzionali presenti: &nbsp; Olio di Mandorle Dolci L\u2019olio pi\u00f9 tradizionalmente conosciuto e utilizzato in cosmesi per le sue propriet\u00e0 emollienti, addolcenti, nutrienti e lenitive per l\u2019epidermide degli adulti, ma anche per quelle delicate dei bambini e dei neonati. Per essere di buona qualit\u00e0 deve essere ottenuto per pressione a freddo della mandorla dolce, senza uso di solventi chimici e deve essere estratto e utilizzato cos\u00ec come si ottiene cio\u00e8 puro. I semi ne contengono una quantit\u00e0 variabile dal 40 al 50%. L\u2019azione emolliente dell\u2019Olio di Mandorle Dolci (Prunus dulcis) \u00e8 in grado di attenuare il prurito in caso di morbillo, varicella ed eczema. Efficacissima poi \u00e8 la sua propriet\u00e0 antismagliature: fin dal 3\u00b0 mese di gravidanza si consiglia la sua applicazione sull\u2019addome, sul seno, su fianchi e cosce; inoltre, quando si segue un regime dimagrante, va applicato anche sull\u2019interno delle braccia per prevenire efficacemente la comparsa delle antiestetiche smagliature che, una volta formate, difficilmente si possono eliminare. Quando la smagliatura \u00e8 gi\u00e0 comparsa infatti \u00e8 dimostrato che, purtroppo, non c\u2019\u00e8 pi\u00f9 niente da fare, trattandosi di una vera e propria lacerazione del derma. Quando le smagliature sono ancora recenti, di colore rosa o rossastro, si pu\u00f2 tentare di attenuarle con applicazioni ripetute e costanti di Olio di Mandorle Dolci. Esso \u00e8 un ottimo emolliente per tutto il corpo dopo il bagno o la doccia. La sua poliedricit\u00e0 di utilizzo lo vede protagonista anche nel trattamento dei capelli molto secchi, crespi, sfibrati dal sole e dalla salsedine: un impacco di 20-30 minuti sui capelli sciacquati con acqua dolce, prima dello shampoo, restituir\u00e0 morbidezza alla chioma. Si pu\u00f2 usare anche in spiaggia al posto del gel, per avere il cosiddetto \u201ceffetto bagnato\u201d: in questo modo si proteggono i capelli dall\u2019azione inaridente del sole e della salsedine. L\u2019Olio di Mandorle dolci pu\u00f2 essere anche miscelato con alcune gocce di olii essenziali, per ottenere un olio da massaggio personalizzato molto gradevole e nutriente per la pelle del corpo e in questo modo acquista anche le propriet\u00e0 trattanti dell\u2019olio essenziale che si utilizza (ad esempio per dolori articolari, per massaggi ai muscoli degli sportivi, ecc.). &nbsp; Confezione: Flacone in plastica con tappo dorato\" \/>\n<meta property=\"og:url\" content=\"https:\/\/www.anticaerboristeriasansimone.it\/catalogo\/olio-di-mandorle-dolci\/\" \/>\n<meta property=\"og:site_name\" content=\"Antica Erboristeria San Simone Firenze - Profumi personalizzati, Cosmetica Naturale, Erbe Naturali Biologiche\" \/>\n<meta property=\"article:publisher\" content=\"https:\/\/www.facebook.com\/erboristeriasansimone\" \/>\n<meta property=\"article:modified_time\" content=\"2021-04-23T20:20:20+00:00\" \/>\n<meta property=\"og:image\" content=\"https:\/\/www.anticaerboristeriasansimone.it\/wp-content\/uploads\/IMG_5207-1-scaled.jpg\" \/>\n\t<meta property=\"og:image:width\" content=\"1707\" \/>\n\t<meta property=\"og:image:height\" content=\"2560\" \/>\n\t<meta property=\"og:image:type\" content=\"image\/jpeg\" \/>\n<meta name=\"twitter:card\" content=\"summary_large_image\" \/>\n<script type=\"application\/ld+json\" class=\"yoast-schema-graph\">{\"@context\":\"https:\/\/schema.org\",\"@graph\":[{\"@type\":\"WebPage\",\"@id\":\"https:\/\/www.anticaerboristeriasansimone.it\/catalogo\/olio-di-mandorle-dolci\/\",\"url\":\"https:\/\/www.anticaerboristeriasansimone.it\/catalogo\/olio-di-mandorle-dolci\/\",\"name\":\"Olio di Mandorle Dolci - Antica Erboristeria San Simone Firenze - Profumi personalizzati, Cosmetica Naturale, Erbe Naturali Biologiche\",\"isPartOf\":{\"@id\":\"https:\/\/www.anticaerboristeriasansimone.it\/#website\"},\"primaryImageOfPage\":{\"@id\":\"https:\/\/www.anticaerboristeriasansimone.it\/catalogo\/olio-di-mandorle-dolci\/#primaryimage\"},\"image\":{\"@id\":\"https:\/\/www.anticaerboristeriasansimone.it\/catalogo\/olio-di-mandorle-dolci\/#primaryimage\"},\"thumbnailUrl\":\"https:\/\/www.anticaerboristeriasansimone.it\/wp-content\/uploads\/IMG_5207-1-scaled.jpg\",\"datePublished\":\"2021-03-21T18:19:10+00:00\",\"dateModified\":\"2021-04-23T20:20:20+00:00\",\"breadcrumb\":{\"@id\":\"https:\/\/www.anticaerboristeriasansimone.it\/catalogo\/olio-di-mandorle-dolci\/#breadcrumb\"},\"inLanguage\":\"en-US\",\"potentialAction\":[{\"@type\":\"ReadAction\",\"target\":[\"https:\/\/www.anticaerboristeriasansimone.it\/catalogo\/olio-di-mandorle-dolci\/\"]}]},{\"@type\":\"ImageObject\",\"inLanguage\":\"en-US\",\"@id\":\"https:\/\/www.anticaerboristeriasansimone.it\/catalogo\/olio-di-mandorle-dolci\/#primaryimage\",\"url\":\"https:\/\/www.anticaerboristeriasansimone.it\/wp-content\/uploads\/IMG_5207-1-scaled.jpg\",\"contentUrl\":\"https:\/\/www.anticaerboristeriasansimone.it\/wp-content\/uploads\/IMG_5207-1-scaled.jpg\",\"width\":1707,\"height\":2560},{\"@type\":\"BreadcrumbList\",\"@id\":\"https:\/\/www.anticaerboristeriasansimone.it\/catalogo\/olio-di-mandorle-dolci\/#breadcrumb\",\"itemListElement\":[{\"@type\":\"ListItem\",\"position\":1,\"name\":\"Home\",\"item\":\"https:\/\/www.anticaerboristeriasansimone.it\/en\/\"},{\"@type\":\"ListItem\",\"position\":2,\"name\":\"Shop\",\"item\":\"https:\/\/www.anticaerboristeriasansimone.it\/negozio\/\"},{\"@type\":\"ListItem\",\"position\":3,\"name\":\"Olio di Mandorle Dolci\"}]},{\"@type\":\"WebSite\",\"@id\":\"https:\/\/www.anticaerboristeriasansimone.it\/#website\",\"url\":\"https:\/\/www.anticaerboristeriasansimone.it\/\",\"name\":\"Antica Erboristeria San Simone Firenze - Profumi personalizzati, Cosmetica Naturale, Erbe Naturali Biologiche\",\"description\":\"Prodotti Naturali - Profumi Artigianali - Cosmetica Bio\",\"publisher\":{\"@id\":\"https:\/\/www.anticaerboristeriasansimone.it\/#organization\"},\"potentialAction\":[{\"@type\":\"SearchAction\",\"target\":{\"@type\":\"EntryPoint\",\"urlTemplate\":\"https:\/\/www.anticaerboristeriasansimone.it\/?s={search_term_string}\"},\"query-input\":{\"@type\":\"PropertyValueSpecification\",\"valueRequired\":true,\"valueName\":\"search_term_string\"}}],\"inLanguage\":\"en-US\"},{\"@type\":\"Organization\",\"@id\":\"https:\/\/www.anticaerboristeriasansimone.it\/#organization\",\"name\":\"Antica Erboristeria San Simone Firenze\",\"url\":\"https:\/\/www.anticaerboristeriasansimone.it\/\",\"logo\":{\"@type\":\"ImageObject\",\"inLanguage\":\"en-US\",\"@id\":\"https:\/\/www.anticaerboristeriasansimone.it\/#\/schema\/logo\/image\/\",\"url\":\"https:\/\/www.anticaerboristeriasansimone.it\/wp-content\/uploads\/Logo-San-Simone.png\",\"contentUrl\":\"https:\/\/www.anticaerboristeriasansimone.it\/wp-content\/uploads\/Logo-San-Simone.png\",\"width\":124,\"height\":140,\"caption\":\"Antica Erboristeria San Simone Firenze\"},\"image\":{\"@id\":\"https:\/\/www.anticaerboristeriasansimone.it\/#\/schema\/logo\/image\/\"},\"sameAs\":[\"https:\/\/www.facebook.com\/erboristeriasansimone\"]}]}<\/script>\n<!-- \/ Yoast SEO plugin. -->","yoast_head_json":{"title":"Olio di Mandorle Dolci - Antica Erboristeria San Simone Firenze - Profumi personalizzati, Cosmetica Naturale, Erbe Naturali Biologiche","robots":{"index":"index","follow":"follow","max-snippet":"max-snippet:-1","max-image-preview":"max-image-preview:large","max-video-preview":"max-video-preview:-1"},"canonical":"https:\/\/www.anticaerboristeriasansimone.it\/catalogo\/olio-di-mandorle-dolci\/","og_locale":"en_US","og_type":"article","og_title":"Olio di Mandorle Dolci - Antica Erboristeria San Simone Firenze - Profumi personalizzati, Cosmetica Naturale, Erbe Naturali Biologiche","og_description":"Puro al 100% L'Olio di Mandorle Dolci, per le sue spiccate propriet\u00e0 emollienti, idratanti, elasticizzanti e per l'assenza di fenomeni irritativi e sensibilizzanti, risulta particolarmente indicato per il trattamento delle pelli secche, sensibili e desquamate anche dei bambini. Ottimo per neonati in caso di crosticine lattee. Naturale al 100%, viene estratto senza solventi tramite torchiatura a freddo. &nbsp; Ingredienti: Prunus amygdalus dulcis oil. &nbsp; Indicazioni: grazie al rapido assorbimento pu\u00f2 essere utilizzato su ogni tipo di pelle come idratante, combattendo allo stesso tempo gli inestetismi della cute senza ungere, grazie al suo elevato potere penetrante. &nbsp; Modo d\u2019impiego: l\u2019olio pu\u00f2 essere applicato 2 o pi\u00f9 volte al giorno a seconda delle necessit\u00e0. \u00c8 raccomandato in tutti i casi in cui la pelle sia secca e disidratata e va applicato con leggero massaggio su pelle pulita. &nbsp; Principali sostanze funzionali presenti: &nbsp; Olio di Mandorle Dolci L\u2019olio pi\u00f9 tradizionalmente conosciuto e utilizzato in cosmesi per le sue propriet\u00e0 emollienti, addolcenti, nutrienti e lenitive per l\u2019epidermide degli adulti, ma anche per quelle delicate dei bambini e dei neonati. Per essere di buona qualit\u00e0 deve essere ottenuto per pressione a freddo della mandorla dolce, senza uso di solventi chimici e deve essere estratto e utilizzato cos\u00ec come si ottiene cio\u00e8 puro. I semi ne contengono una quantit\u00e0 variabile dal 40 al 50%. L\u2019azione emolliente dell\u2019Olio di Mandorle Dolci (Prunus dulcis) \u00e8 in grado di attenuare il prurito in caso di morbillo, varicella ed eczema. Efficacissima poi \u00e8 la sua propriet\u00e0 antismagliature: fin dal 3\u00b0 mese di gravidanza si consiglia la sua applicazione sull\u2019addome, sul seno, su fianchi e cosce; inoltre, quando si segue un regime dimagrante, va applicato anche sull\u2019interno delle braccia per prevenire efficacemente la comparsa delle antiestetiche smagliature che, una volta formate, difficilmente si possono eliminare. Quando la smagliatura \u00e8 gi\u00e0 comparsa infatti \u00e8 dimostrato che, purtroppo, non c\u2019\u00e8 pi\u00f9 niente da fare, trattandosi di una vera e propria lacerazione del derma. Quando le smagliature sono ancora recenti, di colore rosa o rossastro, si pu\u00f2 tentare di attenuarle con applicazioni ripetute e costanti di Olio di Mandorle Dolci. Esso \u00e8 un ottimo emolliente per tutto il corpo dopo il bagno o la doccia. La sua poliedricit\u00e0 di utilizzo lo vede protagonista anche nel trattamento dei capelli molto secchi, crespi, sfibrati dal sole e dalla salsedine: un impacco di 20-30 minuti sui capelli sciacquati con acqua dolce, prima dello shampoo, restituir\u00e0 morbidezza alla chioma. Si pu\u00f2 usare anche in spiaggia al posto del gel, per avere il cosiddetto \u201ceffetto bagnato\u201d: in questo modo si proteggono i capelli dall\u2019azione inaridente del sole e della salsedine. L\u2019Olio di Mandorle dolci pu\u00f2 essere anche miscelato con alcune gocce di olii essenziali, per ottenere un olio da massaggio personalizzato molto gradevole e nutriente per la pelle del corpo e in questo modo acquista anche le propriet\u00e0 trattanti dell\u2019olio essenziale che si utilizza (ad esempio per dolori articolari, per massaggi ai muscoli degli sportivi, ecc.). &nbsp; Confezione: Flacone in plastica con tappo dorato","og_url":"https:\/\/www.anticaerboristeriasansimone.it\/catalogo\/olio-di-mandorle-dolci\/","og_site_name":"Antica Erboristeria San Simone Firenze - Profumi personalizzati, Cosmetica Naturale, Erbe Naturali Biologiche","article_publisher":"https:\/\/www.facebook.com\/erboristeriasansimone","article_modified_time":"2021-04-23T20:20:20+00:00","og_image":[{"width":1707,"height":2560,"url":"https:\/\/www.anticaerboristeriasansimone.it\/wp-content\/uploads\/IMG_5207-1-scaled.jpg","type":"image\/jpeg"}],"twitter_card":"summary_large_image","schema":{"@context":"https:\/\/schema.org","@graph":[{"@type":"WebPage","@id":"https:\/\/www.anticaerboristeriasansimone.it\/catalogo\/olio-di-mandorle-dolci\/","url":"https:\/\/www.anticaerboristeriasansimone.it\/catalogo\/olio-di-mandorle-dolci\/","name":"Olio di Mandorle Dolci - Antica Erboristeria San Simone Firenze - Profumi personalizzati, Cosmetica Naturale, Erbe Naturali Biologiche","isPartOf":{"@id":"https:\/\/www.anticaerboristeriasansimone.it\/#website"},"primaryImageOfPage":{"@id":"https:\/\/www.anticaerboristeriasansimone.it\/catalogo\/olio-di-mandorle-dolci\/#primaryimage"},"image":{"@id":"https:\/\/www.anticaerboristeriasansimone.it\/catalogo\/olio-di-mandorle-dolci\/#primaryimage"},"thumbnailUrl":"https:\/\/www.anticaerboristeriasansimone.it\/wp-content\/uploads\/IMG_5207-1-scaled.jpg","datePublished":"2021-03-21T18:19:10+00:00","dateModified":"2021-04-23T20:20:20+00:00","breadcrumb":{"@id":"https:\/\/www.anticaerboristeriasansimone.it\/catalogo\/olio-di-mandorle-dolci\/#breadcrumb"},"inLanguage":"en-US","potentialAction":[{"@type":"ReadAction","target":["https:\/\/www.anticaerboristeriasansimone.it\/catalogo\/olio-di-mandorle-dolci\/"]}]},{"@type":"ImageObject","inLanguage":"en-US","@id":"https:\/\/www.anticaerboristeriasansimone.it\/catalogo\/olio-di-mandorle-dolci\/#primaryimage","url":"https:\/\/www.anticaerboristeriasansimone.it\/wp-content\/uploads\/IMG_5207-1-scaled.jpg","contentUrl":"https:\/\/www.anticaerboristeriasansimone.it\/wp-content\/uploads\/IMG_5207-1-scaled.jpg","width":1707,"height":2560},{"@type":"BreadcrumbList","@id":"https:\/\/www.anticaerboristeriasansimone.it\/catalogo\/olio-di-mandorle-dolci\/#breadcrumb","itemListElement":[{"@type":"ListItem","position":1,"name":"Home","item":"https:\/\/www.anticaerboristeriasansimone.it\/en\/"},{"@type":"ListItem","position":2,"name":"Shop","item":"https:\/\/www.anticaerboristeriasansimone.it\/negozio\/"},{"@type":"ListItem","position":3,"name":"Olio di Mandorle Dolci"}]},{"@type":"WebSite","@id":"https:\/\/www.anticaerboristeriasansimone.it\/#website","url":"https:\/\/www.anticaerboristeriasansimone.it\/","name":"Antica Erboristeria San Simone Firenze - Profumi personalizzati, Cosmetica Naturale, Erbe Naturali Biologiche","description":"Prodotti Naturali - Profumi Artigianali - Cosmetica Bio","publisher":{"@id":"https:\/\/www.anticaerboristeriasansimone.it\/#organization"},"potentialAction":[{"@type":"SearchAction","target":{"@type":"EntryPoint","urlTemplate":"https:\/\/www.anticaerboristeriasansimone.it\/?s={search_term_string}"},"query-input":{"@type":"PropertyValueSpecification","valueRequired":true,"valueName":"search_term_string"}}],"inLanguage":"en-US"},{"@type":"Organization","@id":"https:\/\/www.anticaerboristeriasansimone.it\/#organization","name":"Antica Erboristeria San Simone Firenze","url":"https:\/\/www.anticaerboristeriasansimone.it\/","logo":{"@type":"ImageObject","inLanguage":"en-US","@id":"https:\/\/www.anticaerboristeriasansimone.it\/#\/schema\/logo\/image\/","url":"https:\/\/www.anticaerboristeriasansimone.it\/wp-content\/uploads\/Logo-San-Simone.png","contentUrl":"https:\/\/www.anticaerboristeriasansimone.it\/wp-content\/uploads\/Logo-San-Simone.png","width":124,"height":140,"caption":"Antica Erboristeria San Simone Firenze"},"image":{"@id":"https:\/\/www.anticaerboristeriasansimone.it\/#\/schema\/logo\/image\/"},"sameAs":["https:\/\/www.facebook.com\/erboristeriasansimone"]}]}},"_links":{"self":[{"href":"https:\/\/www.anticaerboristeriasansimone.it\/en\/wp-json\/wp\/v2\/product\/42476","targetHints":{"allow":["GET"]}}],"collection":[{"href":"https:\/\/www.anticaerboristeriasansimone.it\/en\/wp-json\/wp\/v2\/product"}],"about":[{"href":"https:\/\/www.anticaerboristeriasansimone.it\/en\/wp-json\/wp\/v2\/types\/product"}],"replies":[{"embeddable":true,"href":"https:\/\/www.anticaerboristeriasansimone.it\/en\/wp-json\/wp\/v2\/comments?post=42476"}],"wp:featuredmedia":[{"embeddable":true,"href":"https:\/\/www.anticaerboristeriasansimone.it\/en\/wp-json\/wp\/v2\/media\/42515"}],"wp:attachment":[{"href":"https:\/\/www.anticaerboristeriasansimone.it\/en\/wp-json\/wp\/v2\/media?parent=42476"}],"wp:term":[{"taxonomy":"product_brand","embeddable":true,"href":"https:\/\/www.anticaerboristeriasansimone.it\/en\/wp-json\/wp\/v2\/product_brand?post=42476"},{"taxonomy":"product_cat","embeddable":true,"href":"https:\/\/www.anticaerboristeriasansimone.it\/en\/wp-json\/wp\/v2\/product_cat?post=42476"},{"taxonomy":"product_tag","embeddable":true,"href":"https:\/\/www.anticaerboristeriasansimone.it\/en\/wp-json\/wp\/v2\/product_tag?post=42476"}],"curies":[{"name":"wp","href":"https:\/\/api.w.org\/{rel}","templated":true}]}}