{"id":42517,"date":"2021-04-23T22:32:41","date_gmt":"2021-04-23T20:32:41","guid":{"rendered":"https:\/\/www.anticaerboristeriasansimone.it\/?post_type=product&#038;p=42517"},"modified":"2021-04-23T22:51:29","modified_gmt":"2021-04-23T20:51:29","slug":"olio-di-argan","status":"publish","type":"product","link":"https:\/\/www.anticaerboristeriasansimone.it\/en\/catalogo\/olio-di-argan\/","title":{"rendered":"Olio di Argan"},"content":{"rendered":"","protected":false},"excerpt":{"rendered":"<p align=\"justify\">Detto anche oro del deserto, \u00e8 un olio naturale, puro al 100%, prodotto dal frutto dell\u2019albero sempreverde di Argan o <i>Argania spinosa<\/i> appartenente alla famiglia delle <i>Saponataceae<\/i>, \u00e8 ottenuto dalla spremitura dei suoi frutti, per ottenere un litro d\u2019olio occorrono circa 100 chili di noccioli. L\u2019Argan \u00e8 una pianta selvatica che risale a circa 80 milioni di anni fa, cresce esclusivamente nella pianura del Souss in Marocco, nelle zone aride a sud-ovest del Marocco, nel triangolo formato da Essaouira, Taroudant e Tiznit, dove occupa una superficie di circa 800.000 ettari. Svolge un ruolo insostituibile per l\u2019equilibrio ecologico e per la conservazione della biodiversit\u00e0. La straordinaria forza dell\u2019albero gli permette di vivere oltre 200 anni.<br \/>\n&nbsp;<br \/>\n<b>Ingredienti<\/b>: <i>Argania spinosa kernel oil.<\/i><br \/>\n&nbsp;<br \/>\n<b>Indicazioni<\/b>: l\u2019Olio di Argan, ricco di vitamina E e insaponificabili, \u00e8 conosciuto per le sue propriet\u00e0 nutrienti, rigeneranti e ristrutturanti. Il suo alto potere antiossidante contrasta efficacemente l\u2019invecchiamento cellulare. \u00c8 l\u2019imperatore degli olii cosmetici, contiene una dose elevata di squalene (3.100 mg\/kg) che agisce efficacemente come protezione della pelle. Questo idrocarburo \u00e8 un precursore di molti metaboliti fra cui l\u2019ormone anti-invecchiamento: la DHEA.<br \/>\nIn virt\u00f9 dell\u2019alta concentrazione di acidi grassi essenziali e di vitamina E l\u2019Olio d\u2019Argan assicura alla pelle idratazione, favorisce l\u2019ossigenazione delle cellule, protegge la cute dalle aggressioni esterne neutralizzando i radicali liberi. \u00c8 un olio a rapido assorbimento, dona alla cute sensazione di morbidezza, levigatezza e setosit\u00e0. Viene infatti impiegato da millenni dalle donne berbere come elisir di bellezza.<br \/>\nL\u2019uso dell\u2019Olio di Argan per applicazioni topiche mette in luce propriet\u00e0 dermatologiche eccezionali: sensazione sulla pelle di morbidezza, levigatezza e setosit\u00e0, promuove la produzione di collagene della pelle e quindi aiuta a prevenire la formazione delle rughe e il precoce invecchiamento della pelle.<br \/>\n&nbsp;<br \/>\n<b>Modo d\u2019impiego<\/b>:<br \/>\n&nbsp;<br \/>\n<b>PELLE<\/b><br \/>\nContenendo sostanze antiossidanti e acidi grassi essenziali l\u2019Olio di Argan \u00e8 uno dei migliori rimedi esistenti contro l\u2019invecchiamento della pelle proteggendola contro gli aggressori esterni(sole, metalli pesanti, smog, vento, inquinanti vari tra cui sostanze tossiche inalate, ingerite o assorbite attraverso la cute).<br \/>\n&nbsp;<br \/>\n<b>VISO<\/b><br \/>\nGrazie alla considerevole presenza di Vitamina E basta una goccia al mattino ed una alla sera per combattere efficacemente la formazione di rughe ed ostacolare i processi di invecchiamento cellulare. Poche gocce di Olio di Argan prima e dopo la rasatura lasciano la pelle idratata ed evitano le irritazioni.<br \/>\n&nbsp;<br \/>\n<b>CAPELLI<\/b><br \/>\nL\u2019olio di Argan \u00e8 adatto per i capelli fragili, secchi, sfibrati e privi di lucentezza, perch\u00e9 dona loro forza ed idratazione. Alimentando le fibre capillari conferisce ai capelli  brillantezza e flessibilit\u00e0, combatte le doppie punte e l\u2019inaridimento. Per rendere i capelli nutriti e setosi si pu\u00f2 scaldare qualche goccia d\u2019olio tra le mani e strofinarlo delicatamente sui capelli ciocca per ciocca, si lascia in posa per un\u2019ora e poi si procede con il solito lavaggio.<br \/>\n&nbsp;<br \/>\n<b>UNGHIE<\/b><br \/>\nL\u2019Olio di Argan cura le unghie fragili proteggendole contro le aggressioni esterne: \u00e8 sufficiente miscelare l\u2019olio in pari quantit\u00e0 con del succo di limone ed immergere le mani nel composto per almeno 10 minuti. Il trattamento deve essere ripetuto regolarmente una volta alla settimana per circa 2 mesi. In questo modo le unghie e le cuticole avranno un aspetto sano e curato. L\u2019olio si pu\u00f2 anche applicare sulle unghie ogni sera prima di coricarsi.<br \/>\n&nbsp;<br \/>\n<b>MASSAGGI<\/b><br \/>\nL\u2019Olio di Argan viene usato per i massaggi, \u00e8 un ottimo decontratturante muscolare.<br \/>\n&nbsp;<br \/>\n<b>Confezione<\/b>: Flacone in plastica da 30 ml.<\/p>\n","protected":false},"featured_media":42518,"comment_status":"closed","ping_status":"closed","template":"","meta":[],"product_brand":[],"product_cat":[10,13,104],"product_tag":[],"class_list":{"0":"post-42517","1":"product","2":"type-product","3":"status-publish","4":"has-post-thumbnail","6":"product_cat-cosmetica","7":"product_cat-linea-bio","8":"product_cat-linea-trattamenti-intensivi","10":"first","11":"outofstock","12":"downloadable","13":"shipping-taxable","14":"purchasable","15":"product-type-simple"},"yoast_head":"<!-- This site is optimized with the Yoast SEO plugin v27.1.1 - https:\/\/yoast.com\/product\/yoast-seo-wordpress\/ -->\n<title>Olio di Argan - Antica Erboristeria San Simone Firenze - Profumi personalizzati, Cosmetica Naturale, Erbe Naturali Biologiche<\/title>\n<meta name=\"robots\" content=\"index, follow, max-snippet:-1, max-image-preview:large, max-video-preview:-1\" \/>\n<link rel=\"canonical\" href=\"https:\/\/www.anticaerboristeriasansimone.it\/catalogo\/olio-di-argan\/\" \/>\n<meta property=\"og:locale\" content=\"en_US\" \/>\n<meta property=\"og:type\" content=\"article\" \/>\n<meta property=\"og:title\" content=\"Olio di Argan - Antica Erboristeria San Simone Firenze - Profumi personalizzati, Cosmetica Naturale, Erbe Naturali Biologiche\" \/>\n<meta property=\"og:description\" content=\"Detto anche oro del deserto, \u00e8 un olio naturale, puro al 100%, prodotto dal frutto dell\u2019albero sempreverde di Argan o Argania spinosa appartenente alla famiglia delle Saponataceae, \u00e8 ottenuto dalla spremitura dei suoi frutti, per ottenere un litro d\u2019olio occorrono circa 100 chili di noccioli. L\u2019Argan \u00e8 una pianta selvatica che risale a circa 80 milioni di anni fa, cresce esclusivamente nella pianura del Souss in Marocco, nelle zone aride a sud-ovest del Marocco, nel triangolo formato da Essaouira, Taroudant e Tiznit, dove occupa una superficie di circa 800.000 ettari. Svolge un ruolo insostituibile per l\u2019equilibrio ecologico e per la conservazione della biodiversit\u00e0. La straordinaria forza dell\u2019albero gli permette di vivere oltre 200 anni.  &nbsp; Ingredienti: Argania spinosa kernel oil. &nbsp; Indicazioni: l\u2019Olio di Argan, ricco di vitamina E e insaponificabili, \u00e8 conosciuto per le sue propriet\u00e0 nutrienti, rigeneranti e ristrutturanti. Il suo alto potere antiossidante contrasta efficacemente l\u2019invecchiamento cellulare. \u00c8 l\u2019imperatore degli olii cosmetici, contiene una dose elevata di squalene (3.100 mg\/kg) che agisce efficacemente come protezione della pelle. Questo idrocarburo \u00e8 un precursore di molti metaboliti fra cui l\u2019ormone anti-invecchiamento: la DHEA. In virt\u00f9 dell\u2019alta concentrazione di acidi grassi essenziali e di vitamina E l\u2019Olio d\u2019Argan assicura alla pelle idratazione, favorisce l\u2019ossigenazione delle cellule, protegge la cute dalle aggressioni esterne neutralizzando i radicali liberi. \u00c8 un olio a rapido assorbimento, dona alla cute sensazione di morbidezza, levigatezza e setosit\u00e0. Viene infatti impiegato da millenni dalle donne berbere come elisir di bellezza. L\u2019uso dell\u2019Olio di Argan per applicazioni topiche mette in luce propriet\u00e0 dermatologiche eccezionali: sensazione sulla pelle di morbidezza, levigatezza e setosit\u00e0, promuove la produzione di collagene della pelle e quindi aiuta a prevenire la formazione delle rughe e il precoce invecchiamento della pelle. &nbsp; Modo d\u2019impiego: &nbsp;  PELLE Contenendo sostanze antiossidanti e acidi grassi essenziali l\u2019Olio di Argan \u00e8 uno dei migliori rimedi esistenti contro l\u2019invecchiamento della pelle proteggendola contro gli aggressori esterni(sole, metalli pesanti, smog, vento, inquinanti vari tra cui sostanze tossiche inalate, ingerite o assorbite attraverso la cute). &nbsp; VISO Grazie alla considerevole presenza di Vitamina E basta una goccia al mattino ed una alla sera per combattere efficacemente la formazione di rughe ed ostacolare i processi di invecchiamento cellulare. Poche gocce di Olio di Argan prima e dopo la rasatura lasciano la pelle idratata ed evitano le irritazioni. &nbsp; CAPELLI L\u2019olio di Argan \u00e8 adatto per i capelli fragili, secchi, sfibrati e privi di lucentezza, perch\u00e9 dona loro forza ed idratazione. Alimentando le fibre capillari conferisce ai capelli brillantezza e flessibilit\u00e0, combatte le doppie punte e l\u2019inaridimento. Per rendere i capelli nutriti e setosi si pu\u00f2 scaldare qualche goccia d\u2019olio tra le mani e strofinarlo delicatamente sui capelli ciocca per ciocca, si lascia in posa per un\u2019ora e poi si procede con il solito lavaggio. &nbsp; UNGHIE L\u2019Olio di Argan cura le unghie fragili proteggendole contro le aggressioni esterne: \u00e8 sufficiente miscelare l\u2019olio in pari quantit\u00e0 con del succo di limone ed immergere le mani nel composto per almeno 10 minuti. Il trattamento deve essere ripetuto regolarmente una volta alla settimana per circa 2 mesi. In questo modo le unghie e le cuticole avranno un aspetto sano e curato. L\u2019olio si pu\u00f2 anche applicare sulle unghie ogni sera prima di coricarsi. &nbsp; MASSAGGI L\u2019Olio di Argan viene usato per i massaggi, \u00e8 un ottimo decontratturante muscolare. &nbsp; Confezione: Flacone in plastica da 30 ml.\" \/>\n<meta property=\"og:url\" content=\"https:\/\/www.anticaerboristeriasansimone.it\/catalogo\/olio-di-argan\/\" \/>\n<meta property=\"og:site_name\" content=\"Antica Erboristeria San Simone Firenze - Profumi personalizzati, Cosmetica Naturale, Erbe Naturali Biologiche\" \/>\n<meta property=\"article:publisher\" content=\"https:\/\/www.facebook.com\/erboristeriasansimone\" \/>\n<meta property=\"article:modified_time\" content=\"2021-04-23T20:51:29+00:00\" \/>\n<meta property=\"og:image\" content=\"https:\/\/www.anticaerboristeriasansimone.it\/wp-content\/uploads\/IMG_5209-scaled.jpg\" \/>\n\t<meta property=\"og:image:width\" content=\"1707\" \/>\n\t<meta property=\"og:image:height\" content=\"2560\" \/>\n\t<meta property=\"og:image:type\" content=\"image\/jpeg\" \/>\n<meta name=\"twitter:card\" content=\"summary_large_image\" \/>\n<script type=\"application\/ld+json\" class=\"yoast-schema-graph\">{\"@context\":\"https:\/\/schema.org\",\"@graph\":[{\"@type\":\"WebPage\",\"@id\":\"https:\/\/www.anticaerboristeriasansimone.it\/catalogo\/olio-di-argan\/\",\"url\":\"https:\/\/www.anticaerboristeriasansimone.it\/catalogo\/olio-di-argan\/\",\"name\":\"Olio di Argan - Antica Erboristeria San Simone Firenze - Profumi personalizzati, Cosmetica Naturale, Erbe Naturali Biologiche\",\"isPartOf\":{\"@id\":\"https:\/\/www.anticaerboristeriasansimone.it\/#website\"},\"primaryImageOfPage\":{\"@id\":\"https:\/\/www.anticaerboristeriasansimone.it\/catalogo\/olio-di-argan\/#primaryimage\"},\"image\":{\"@id\":\"https:\/\/www.anticaerboristeriasansimone.it\/catalogo\/olio-di-argan\/#primaryimage\"},\"thumbnailUrl\":\"https:\/\/www.anticaerboristeriasansimone.it\/wp-content\/uploads\/IMG_5209-scaled.jpg\",\"datePublished\":\"2021-04-23T20:32:41+00:00\",\"dateModified\":\"2021-04-23T20:51:29+00:00\",\"breadcrumb\":{\"@id\":\"https:\/\/www.anticaerboristeriasansimone.it\/catalogo\/olio-di-argan\/#breadcrumb\"},\"inLanguage\":\"en-US\",\"potentialAction\":[{\"@type\":\"ReadAction\",\"target\":[\"https:\/\/www.anticaerboristeriasansimone.it\/catalogo\/olio-di-argan\/\"]}]},{\"@type\":\"ImageObject\",\"inLanguage\":\"en-US\",\"@id\":\"https:\/\/www.anticaerboristeriasansimone.it\/catalogo\/olio-di-argan\/#primaryimage\",\"url\":\"https:\/\/www.anticaerboristeriasansimone.it\/wp-content\/uploads\/IMG_5209-scaled.jpg\",\"contentUrl\":\"https:\/\/www.anticaerboristeriasansimone.it\/wp-content\/uploads\/IMG_5209-scaled.jpg\",\"width\":1707,\"height\":2560},{\"@type\":\"BreadcrumbList\",\"@id\":\"https:\/\/www.anticaerboristeriasansimone.it\/catalogo\/olio-di-argan\/#breadcrumb\",\"itemListElement\":[{\"@type\":\"ListItem\",\"position\":1,\"name\":\"Home\",\"item\":\"https:\/\/www.anticaerboristeriasansimone.it\/en\/\"},{\"@type\":\"ListItem\",\"position\":2,\"name\":\"Shop\",\"item\":\"https:\/\/www.anticaerboristeriasansimone.it\/negozio\/\"},{\"@type\":\"ListItem\",\"position\":3,\"name\":\"Olio di Argan\"}]},{\"@type\":\"WebSite\",\"@id\":\"https:\/\/www.anticaerboristeriasansimone.it\/#website\",\"url\":\"https:\/\/www.anticaerboristeriasansimone.it\/\",\"name\":\"Antica Erboristeria San Simone Firenze - Profumi personalizzati, Cosmetica Naturale, Erbe Naturali Biologiche\",\"description\":\"Prodotti Naturali - Profumi Artigianali - Cosmetica Bio\",\"publisher\":{\"@id\":\"https:\/\/www.anticaerboristeriasansimone.it\/#organization\"},\"potentialAction\":[{\"@type\":\"SearchAction\",\"target\":{\"@type\":\"EntryPoint\",\"urlTemplate\":\"https:\/\/www.anticaerboristeriasansimone.it\/?s={search_term_string}\"},\"query-input\":{\"@type\":\"PropertyValueSpecification\",\"valueRequired\":true,\"valueName\":\"search_term_string\"}}],\"inLanguage\":\"en-US\"},{\"@type\":\"Organization\",\"@id\":\"https:\/\/www.anticaerboristeriasansimone.it\/#organization\",\"name\":\"Antica Erboristeria San Simone Firenze\",\"url\":\"https:\/\/www.anticaerboristeriasansimone.it\/\",\"logo\":{\"@type\":\"ImageObject\",\"inLanguage\":\"en-US\",\"@id\":\"https:\/\/www.anticaerboristeriasansimone.it\/#\/schema\/logo\/image\/\",\"url\":\"https:\/\/www.anticaerboristeriasansimone.it\/wp-content\/uploads\/Logo-San-Simone.png\",\"contentUrl\":\"https:\/\/www.anticaerboristeriasansimone.it\/wp-content\/uploads\/Logo-San-Simone.png\",\"width\":124,\"height\":140,\"caption\":\"Antica Erboristeria San Simone Firenze\"},\"image\":{\"@id\":\"https:\/\/www.anticaerboristeriasansimone.it\/#\/schema\/logo\/image\/\"},\"sameAs\":[\"https:\/\/www.facebook.com\/erboristeriasansimone\"]}]}<\/script>\n<!-- \/ Yoast SEO plugin. -->","yoast_head_json":{"title":"Olio di Argan - Antica Erboristeria San Simone Firenze - Profumi personalizzati, Cosmetica Naturale, Erbe Naturali Biologiche","robots":{"index":"index","follow":"follow","max-snippet":"max-snippet:-1","max-image-preview":"max-image-preview:large","max-video-preview":"max-video-preview:-1"},"canonical":"https:\/\/www.anticaerboristeriasansimone.it\/catalogo\/olio-di-argan\/","og_locale":"en_US","og_type":"article","og_title":"Olio di Argan - Antica Erboristeria San Simone Firenze - Profumi personalizzati, Cosmetica Naturale, Erbe Naturali Biologiche","og_description":"Detto anche oro del deserto, \u00e8 un olio naturale, puro al 100%, prodotto dal frutto dell\u2019albero sempreverde di Argan o Argania spinosa appartenente alla famiglia delle Saponataceae, \u00e8 ottenuto dalla spremitura dei suoi frutti, per ottenere un litro d\u2019olio occorrono circa 100 chili di noccioli. L\u2019Argan \u00e8 una pianta selvatica che risale a circa 80 milioni di anni fa, cresce esclusivamente nella pianura del Souss in Marocco, nelle zone aride a sud-ovest del Marocco, nel triangolo formato da Essaouira, Taroudant e Tiznit, dove occupa una superficie di circa 800.000 ettari. Svolge un ruolo insostituibile per l\u2019equilibrio ecologico e per la conservazione della biodiversit\u00e0. La straordinaria forza dell\u2019albero gli permette di vivere oltre 200 anni.  &nbsp; Ingredienti: Argania spinosa kernel oil. &nbsp; Indicazioni: l\u2019Olio di Argan, ricco di vitamina E e insaponificabili, \u00e8 conosciuto per le sue propriet\u00e0 nutrienti, rigeneranti e ristrutturanti. Il suo alto potere antiossidante contrasta efficacemente l\u2019invecchiamento cellulare. \u00c8 l\u2019imperatore degli olii cosmetici, contiene una dose elevata di squalene (3.100 mg\/kg) che agisce efficacemente come protezione della pelle. Questo idrocarburo \u00e8 un precursore di molti metaboliti fra cui l\u2019ormone anti-invecchiamento: la DHEA. In virt\u00f9 dell\u2019alta concentrazione di acidi grassi essenziali e di vitamina E l\u2019Olio d\u2019Argan assicura alla pelle idratazione, favorisce l\u2019ossigenazione delle cellule, protegge la cute dalle aggressioni esterne neutralizzando i radicali liberi. \u00c8 un olio a rapido assorbimento, dona alla cute sensazione di morbidezza, levigatezza e setosit\u00e0. Viene infatti impiegato da millenni dalle donne berbere come elisir di bellezza. L\u2019uso dell\u2019Olio di Argan per applicazioni topiche mette in luce propriet\u00e0 dermatologiche eccezionali: sensazione sulla pelle di morbidezza, levigatezza e setosit\u00e0, promuove la produzione di collagene della pelle e quindi aiuta a prevenire la formazione delle rughe e il precoce invecchiamento della pelle. &nbsp; Modo d\u2019impiego: &nbsp;  PELLE Contenendo sostanze antiossidanti e acidi grassi essenziali l\u2019Olio di Argan \u00e8 uno dei migliori rimedi esistenti contro l\u2019invecchiamento della pelle proteggendola contro gli aggressori esterni(sole, metalli pesanti, smog, vento, inquinanti vari tra cui sostanze tossiche inalate, ingerite o assorbite attraverso la cute). &nbsp; VISO Grazie alla considerevole presenza di Vitamina E basta una goccia al mattino ed una alla sera per combattere efficacemente la formazione di rughe ed ostacolare i processi di invecchiamento cellulare. Poche gocce di Olio di Argan prima e dopo la rasatura lasciano la pelle idratata ed evitano le irritazioni. &nbsp; CAPELLI L\u2019olio di Argan \u00e8 adatto per i capelli fragili, secchi, sfibrati e privi di lucentezza, perch\u00e9 dona loro forza ed idratazione. Alimentando le fibre capillari conferisce ai capelli brillantezza e flessibilit\u00e0, combatte le doppie punte e l\u2019inaridimento. Per rendere i capelli nutriti e setosi si pu\u00f2 scaldare qualche goccia d\u2019olio tra le mani e strofinarlo delicatamente sui capelli ciocca per ciocca, si lascia in posa per un\u2019ora e poi si procede con il solito lavaggio. &nbsp; UNGHIE L\u2019Olio di Argan cura le unghie fragili proteggendole contro le aggressioni esterne: \u00e8 sufficiente miscelare l\u2019olio in pari quantit\u00e0 con del succo di limone ed immergere le mani nel composto per almeno 10 minuti. Il trattamento deve essere ripetuto regolarmente una volta alla settimana per circa 2 mesi. In questo modo le unghie e le cuticole avranno un aspetto sano e curato. L\u2019olio si pu\u00f2 anche applicare sulle unghie ogni sera prima di coricarsi. &nbsp; MASSAGGI L\u2019Olio di Argan viene usato per i massaggi, \u00e8 un ottimo decontratturante muscolare. &nbsp; Confezione: Flacone in plastica da 30 ml.","og_url":"https:\/\/www.anticaerboristeriasansimone.it\/catalogo\/olio-di-argan\/","og_site_name":"Antica Erboristeria San Simone Firenze - Profumi personalizzati, Cosmetica Naturale, Erbe Naturali Biologiche","article_publisher":"https:\/\/www.facebook.com\/erboristeriasansimone","article_modified_time":"2021-04-23T20:51:29+00:00","og_image":[{"width":1707,"height":2560,"url":"https:\/\/www.anticaerboristeriasansimone.it\/wp-content\/uploads\/IMG_5209-scaled.jpg","type":"image\/jpeg"}],"twitter_card":"summary_large_image","schema":{"@context":"https:\/\/schema.org","@graph":[{"@type":"WebPage","@id":"https:\/\/www.anticaerboristeriasansimone.it\/catalogo\/olio-di-argan\/","url":"https:\/\/www.anticaerboristeriasansimone.it\/catalogo\/olio-di-argan\/","name":"Olio di Argan - Antica Erboristeria San Simone Firenze - Profumi personalizzati, Cosmetica Naturale, Erbe Naturali Biologiche","isPartOf":{"@id":"https:\/\/www.anticaerboristeriasansimone.it\/#website"},"primaryImageOfPage":{"@id":"https:\/\/www.anticaerboristeriasansimone.it\/catalogo\/olio-di-argan\/#primaryimage"},"image":{"@id":"https:\/\/www.anticaerboristeriasansimone.it\/catalogo\/olio-di-argan\/#primaryimage"},"thumbnailUrl":"https:\/\/www.anticaerboristeriasansimone.it\/wp-content\/uploads\/IMG_5209-scaled.jpg","datePublished":"2021-04-23T20:32:41+00:00","dateModified":"2021-04-23T20:51:29+00:00","breadcrumb":{"@id":"https:\/\/www.anticaerboristeriasansimone.it\/catalogo\/olio-di-argan\/#breadcrumb"},"inLanguage":"en-US","potentialAction":[{"@type":"ReadAction","target":["https:\/\/www.anticaerboristeriasansimone.it\/catalogo\/olio-di-argan\/"]}]},{"@type":"ImageObject","inLanguage":"en-US","@id":"https:\/\/www.anticaerboristeriasansimone.it\/catalogo\/olio-di-argan\/#primaryimage","url":"https:\/\/www.anticaerboristeriasansimone.it\/wp-content\/uploads\/IMG_5209-scaled.jpg","contentUrl":"https:\/\/www.anticaerboristeriasansimone.it\/wp-content\/uploads\/IMG_5209-scaled.jpg","width":1707,"height":2560},{"@type":"BreadcrumbList","@id":"https:\/\/www.anticaerboristeriasansimone.it\/catalogo\/olio-di-argan\/#breadcrumb","itemListElement":[{"@type":"ListItem","position":1,"name":"Home","item":"https:\/\/www.anticaerboristeriasansimone.it\/en\/"},{"@type":"ListItem","position":2,"name":"Shop","item":"https:\/\/www.anticaerboristeriasansimone.it\/negozio\/"},{"@type":"ListItem","position":3,"name":"Olio di Argan"}]},{"@type":"WebSite","@id":"https:\/\/www.anticaerboristeriasansimone.it\/#website","url":"https:\/\/www.anticaerboristeriasansimone.it\/","name":"Antica Erboristeria San Simone Firenze - Profumi personalizzati, Cosmetica Naturale, Erbe Naturali Biologiche","description":"Prodotti Naturali - Profumi Artigianali - Cosmetica Bio","publisher":{"@id":"https:\/\/www.anticaerboristeriasansimone.it\/#organization"},"potentialAction":[{"@type":"SearchAction","target":{"@type":"EntryPoint","urlTemplate":"https:\/\/www.anticaerboristeriasansimone.it\/?s={search_term_string}"},"query-input":{"@type":"PropertyValueSpecification","valueRequired":true,"valueName":"search_term_string"}}],"inLanguage":"en-US"},{"@type":"Organization","@id":"https:\/\/www.anticaerboristeriasansimone.it\/#organization","name":"Antica Erboristeria San Simone Firenze","url":"https:\/\/www.anticaerboristeriasansimone.it\/","logo":{"@type":"ImageObject","inLanguage":"en-US","@id":"https:\/\/www.anticaerboristeriasansimone.it\/#\/schema\/logo\/image\/","url":"https:\/\/www.anticaerboristeriasansimone.it\/wp-content\/uploads\/Logo-San-Simone.png","contentUrl":"https:\/\/www.anticaerboristeriasansimone.it\/wp-content\/uploads\/Logo-San-Simone.png","width":124,"height":140,"caption":"Antica Erboristeria San Simone Firenze"},"image":{"@id":"https:\/\/www.anticaerboristeriasansimone.it\/#\/schema\/logo\/image\/"},"sameAs":["https:\/\/www.facebook.com\/erboristeriasansimone"]}]}},"_links":{"self":[{"href":"https:\/\/www.anticaerboristeriasansimone.it\/en\/wp-json\/wp\/v2\/product\/42517","targetHints":{"allow":["GET"]}}],"collection":[{"href":"https:\/\/www.anticaerboristeriasansimone.it\/en\/wp-json\/wp\/v2\/product"}],"about":[{"href":"https:\/\/www.anticaerboristeriasansimone.it\/en\/wp-json\/wp\/v2\/types\/product"}],"replies":[{"embeddable":true,"href":"https:\/\/www.anticaerboristeriasansimone.it\/en\/wp-json\/wp\/v2\/comments?post=42517"}],"wp:featuredmedia":[{"embeddable":true,"href":"https:\/\/www.anticaerboristeriasansimone.it\/en\/wp-json\/wp\/v2\/media\/42518"}],"wp:attachment":[{"href":"https:\/\/www.anticaerboristeriasansimone.it\/en\/wp-json\/wp\/v2\/media?parent=42517"}],"wp:term":[{"taxonomy":"product_brand","embeddable":true,"href":"https:\/\/www.anticaerboristeriasansimone.it\/en\/wp-json\/wp\/v2\/product_brand?post=42517"},{"taxonomy":"product_cat","embeddable":true,"href":"https:\/\/www.anticaerboristeriasansimone.it\/en\/wp-json\/wp\/v2\/product_cat?post=42517"},{"taxonomy":"product_tag","embeddable":true,"href":"https:\/\/www.anticaerboristeriasansimone.it\/en\/wp-json\/wp\/v2\/product_tag?post=42517"}],"curies":[{"name":"wp","href":"https:\/\/api.w.org\/{rel}","templated":true}]}}